{"id":120,"date":"2024-09-30T20:07:59","date_gmt":"2024-09-30T20:07:59","guid":{"rendered":"https:\/\/platinuminsurancea.com\/?page_id=120"},"modified":"2025-07-23T17:20:03","modified_gmt":"2025-07-23T17:20:03","slug":"contacto","status":"publish","type":"page","link":"https:\/\/platinuminsurancea.com\/dev\/contacto\/","title":{"rendered":"Contacto"},"content":{"rendered":"\t\t<div data-elementor-type=\"wp-page\" data-elementor-id=\"120\" class=\"elementor elementor-120\" data-elementor-post-type=\"page\">\n\t\t\t\t<div class=\"elementor-element elementor-element-3b73787 e-flex e-con-boxed e-con e-parent\" data-id=\"3b73787\" data-element_type=\"container\" data-e-type=\"container\" data-settings=\"{&quot;background_background&quot;:&quot;video&quot;,&quot;background_video_link&quot;:&quot;https:\\\/\\\/platinuminsurancea.com\\\/dev\\\/wp-content\\\/uploads\\\/2025\\\/07\\\/Aerial-View-Of-Downtown-Houston-And-Surrounding-La-2023-11-27-05-04-31-Utc.mp4&quot;}\">\n\t\t\t\t\t<div class=\"e-con-inner\">\n\t\t<div class=\"elementor-background-video-container elementor-hidden-mobile\">\n\t\t\t\t\t\t\t<video class=\"elementor-background-video-hosted\" role=\"presentation\" autoplay muted playsinline loop><\/video>\n\t\t\t\t\t<\/div><div class=\"elementor-element elementor-element-4f78050 e-con-full e-flex e-con e-child\" data-id=\"4f78050\" data-element_type=\"container\" data-e-type=\"container\" data-settings=\"{&quot;background_background&quot;:&quot;classic&quot;}\">\n\t\t\t\t<div class=\"elementor-element elementor-element-e931233 elementor-widget elementor-widget-heading\" data-id=\"e931233\" data-element_type=\"widget\" data-e-type=\"widget\" data-widget_type=\"heading.default\">\n\t\t\t\t<div class=\"elementor-widget-container\">\n\t\t\t\t\t<h1 class=\"elementor-heading-title elementor-size-default\">Contacto<\/h1>\t\t\t\t<\/div>\n\t\t\t\t<\/div>\n\t\t\t\t<div class=\"elementor-element elementor-element-87a3284 elementor-widget elementor-widget-text-editor\" data-id=\"87a3284\" data-element_type=\"widget\" data-e-type=\"widget\" data-widget_type=\"text-editor.default\">\n\t\t\t\t<div class=\"elementor-widget-container\">\n\t\t\t\t\t\t\t\t\t<p>En <strong>Platinum Insurance Agency<\/strong> estamos listos para ayudarte. Completa el formulario o cont\u00e1ctanos directamente para recibir atenci\u00f3n r\u00e1pida y confiable de parte de nuestro equipo. \u00a1Tu tranquilidad financiera comienza con una conversaci\u00f3n!<\/p>\t\t\t\t\t\t\t\t<\/div>\n\t\t\t\t<\/div>\n\t\t\t\t<\/div>\n\t\t<div class=\"elementor-element elementor-element-51fa647 e-con-full elementor-hidden-mobile e-flex e-con e-child\" data-id=\"51fa647\" data-element_type=\"container\" data-e-type=\"container\">\n\t\t\t\t<\/div>\n\t\t\t\t\t<\/div>\n\t\t\t\t<\/div>\n\t\t<div class=\"elementor-element elementor-element-345070e e-flex e-con-boxed e-con e-parent\" data-id=\"345070e\" data-element_type=\"container\" data-e-type=\"container\">\n\t\t\t\t\t<div class=\"e-con-inner\">\n\t\t<div class=\"elementor-element elementor-element-108dfd0 e-con-full e-flex e-con e-child\" data-id=\"108dfd0\" data-element_type=\"container\" data-e-type=\"container\">\n\t\t\t\t<div class=\"elementor-element elementor-element-517b5d5 elementor-widget elementor-widget-heading\" data-id=\"517b5d5\" data-element_type=\"widget\" data-e-type=\"widget\" data-widget_type=\"heading.default\">\n\t\t\t\t<div class=\"elementor-widget-container\">\n\t\t\t\t\t<h1 class=\"elementor-heading-title elementor-size-default\">Env\u00edanos Mensajes<\/h1>\t\t\t\t<\/div>\n\t\t\t\t<\/div>\n\t\t\t\t<div class=\"elementor-element elementor-element-3edb6cf elementor-widget elementor-widget-text-editor\" data-id=\"3edb6cf\" data-element_type=\"widget\" data-e-type=\"widget\" data-widget_type=\"text-editor.default\">\n\t\t\t\t<div class=\"elementor-widget-container\">\n\t\t\t\t\t\t\t\t\t<p>Nuestro equipo est\u00e1 listo para ayudarte. Escr\u00edbenos al formulario y asegura tu tranquilidad ahora.<\/p>\t\t\t\t\t\t\t\t<\/div>\n\t\t\t\t<\/div>\n\t\t\t\t<div class=\"elementor-element elementor-element-9a5eee0 elementor-widget__width-inherit elementor-button-align-stretch elementor-widget elementor-widget-form\" data-id=\"9a5eee0\" data-element_type=\"widget\" data-e-type=\"widget\" data-settings=\"{&quot;step_next_label&quot;:&quot;Next&quot;,&quot;step_previous_label&quot;:&quot;Previous&quot;,&quot;button_width&quot;:&quot;100&quot;,&quot;step_type&quot;:&quot;number_text&quot;,&quot;step_icon_shape&quot;:&quot;circle&quot;}\" data-widget_type=\"form.default\">\n\t\t\t\t<div class=\"elementor-widget-container\">\n\t\t\t\t\t\t\t<form class=\"elementor-form\" method=\"post\" name=\"New Form\" aria-label=\"New Form\">\n\t\t\t<input type=\"hidden\" name=\"post_id\" value=\"120\"\/>\n\t\t\t<input type=\"hidden\" name=\"form_id\" value=\"9a5eee0\"\/>\n\t\t\t<input type=\"hidden\" name=\"referer_title\" value=\"Platinum Insurance Agency\" \/>\n\n\t\t\t\n\t\t\t<div class=\"elementor-form-fields-wrapper elementor-labels-above\">\n\t\t\t\t\t\t\t\t<div class=\"elementor-field-type-text elementor-field-group elementor-column elementor-field-group-name elementor-col-100\">\n\t\t\t\t\t\t\t\t\t\t\t\t\t<input size=\"1\" type=\"text\" name=\"form_fields[name]\" id=\"form-field-name\" class=\"elementor-field elementor-size-md  elementor-field-textual\" placeholder=\"Nombre y Apellido\">\n\t\t\t\t\t\t\t\t\t\t\t<\/div>\n\t\t\t\t\t\t\t\t<div class=\"elementor-field-type-tel elementor-field-group elementor-column elementor-field-group-field_ae26f4f elementor-col-100\">\n\t\t\t\t\t\t\t<input size=\"1\" type=\"tel\" name=\"form_fields[field_ae26f4f]\" id=\"form-field-field_ae26f4f\" class=\"elementor-field elementor-size-md  elementor-field-textual\" placeholder=\"Telefono\" pattern=\"[0-9()#&amp;+*-=.]+\" title=\"Only numbers and phone characters (#, -, *, etc) are accepted.\">\n\n\t\t\t\t\t\t<\/div>\n\t\t\t\t\t\t\t\t<div class=\"elementor-field-type-email elementor-field-group elementor-column elementor-field-group-email elementor-col-100 elementor-field-required\">\n\t\t\t\t\t\t\t\t\t\t\t\t\t<input size=\"1\" type=\"email\" name=\"form_fields[email]\" id=\"form-field-email\" class=\"elementor-field elementor-size-md  elementor-field-textual\" placeholder=\"Correo Electronico\" required=\"required\">\n\t\t\t\t\t\t\t\t\t\t\t<\/div>\n\t\t\t\t\t\t\t\t<div class=\"elementor-field-type-recaptcha elementor-field-group elementor-column elementor-field-group-field_a40081c elementor-col-100\">\n\t\t\t\t\t<div class=\"elementor-field\" id=\"form-field-field_a40081c\"><div class=\"elementor-g-recaptcha\" data-sitekey=\"6Lf244crAAAAAJ7nbMWaohl7hWJn9p-cRdX0xNwx\" data-type=\"v2_checkbox\" data-theme=\"light\" data-size=\"normal\"><\/div><\/div>\t\t\t\t<\/div>\n\t\t\t\t\t\t\t\t<div class=\"elementor-field-group elementor-column elementor-field-type-submit elementor-col-100 e-form__buttons\">\n\t\t\t\t\t<button class=\"elementor-button elementor-size-sm\" type=\"submit\">\n\t\t\t\t\t\t<span class=\"elementor-button-content-wrapper\">\n\t\t\t\t\t\t\t\t\t\t\t\t\t\t\t\t\t\t\t\t\t\t<span class=\"elementor-button-text\">Enviar<\/span>\n\t\t\t\t\t\t\t\t\t\t\t\t\t<\/span>\n\t\t\t\t\t<\/button>\n\t\t\t\t<\/div>\n\t\t\t<\/div>\n\t\t<\/form>\n\t\t\t\t\t\t<\/div>\n\t\t\t\t<\/div>\n\t\t\t\t<\/div>\n\t\t<div class=\"elementor-element elementor-element-07ac597 e-flex e-con-boxed e-con e-child\" data-id=\"07ac597\" data-element_type=\"container\" data-e-type=\"container\">\n\t\t\t\t\t<div class=\"e-con-inner\">\n\t\t\t\t<div class=\"elementor-element elementor-element-9c118ec elementor-position-inline-start elementor-widget__width-auto elementor-widget-mobile__width-inherit elementor-tablet-position-block-start elementor-mobile-position-inline-start elementor-view-default elementor-widget elementor-widget-icon-box\" data-id=\"9c118ec\" data-element_type=\"widget\" data-e-type=\"widget\" data-widget_type=\"icon-box.default\">\n\t\t\t\t<div class=\"elementor-widget-container\">\n\t\t\t\t\t\t\t<div class=\"elementor-icon-box-wrapper\">\n\n\t\t\t\t\t\t<div class=\"elementor-icon-box-icon\">\n\t\t\t\t<a href=\"https:\/\/maps.app.goo.gl\/bGEC2ACNP7iy8oZ98\" target=\"_blank\" class=\"elementor-icon\" tabindex=\"-1\" aria-label=\"Nuestra Direcci\u00f3n\">\n\t\t\t\t<svg aria-hidden=\"true\" class=\"e-font-icon-svg e-fas-map-marker-alt\" viewBox=\"0 0 384 512\" xmlns=\"http:\/\/www.w3.org\/2000\/svg\"><path d=\"M172.268 501.67C26.97 291.031 0 269.413 0 192 0 85.961 85.961 0 192 0s192 85.961 192 192c0 77.413-26.97 99.031-172.268 309.67-9.535 13.774-29.93 13.773-39.464 0zM192 272c44.183 0 80-35.817 80-80s-35.817-80-80-80-80 35.817-80 80 35.817 80 80 80z\"><\/path><\/svg>\t\t\t\t<\/a>\n\t\t\t<\/div>\n\t\t\t\n\t\t\t\t\t\t<div class=\"elementor-icon-box-content\">\n\n\t\t\t\t\t\t\t\t\t<div class=\"elementor-icon-box-title\">\n\t\t\t\t\t\t<a href=\"https:\/\/maps.app.goo.gl\/bGEC2ACNP7iy8oZ98\" target=\"_blank\" >\n\t\t\t\t\t\t\tNuestra Direcci\u00f3n\t\t\t\t\t\t<\/a>\n\t\t\t\t\t<\/div>\n\t\t\t\t\n\t\t\t\t\t\t\t\t\t<p class=\"elementor-icon-box-description\">\n\t\t\t\t\t\t15915 katy freeway, suite 560 Houston Tx 77094\t\t\t\t\t<\/p>\n\t\t\t\t\n\t\t\t<\/div>\n\t\t\t\n\t\t<\/div>\n\t\t\t\t\t\t<\/div>\n\t\t\t\t<\/div>\n\t\t\t\t<div class=\"elementor-element elementor-element-6bf820d elementor-position-inline-start elementor-widget__width-auto elementor-widget-mobile__width-inherit elementor-tablet-position-block-start elementor-mobile-position-inline-start elementor-view-default elementor-widget elementor-widget-icon-box\" data-id=\"6bf820d\" data-element_type=\"widget\" data-e-type=\"widget\" data-widget_type=\"icon-box.default\">\n\t\t\t\t<div class=\"elementor-widget-container\">\n\t\t\t\t\t\t\t<div class=\"elementor-icon-box-wrapper\">\n\n\t\t\t\t\t\t<div class=\"elementor-icon-box-icon\">\n\t\t\t\t<span  class=\"elementor-icon\">\n\t\t\t\t<svg aria-hidden=\"true\" class=\"e-font-icon-svg e-fas-phone\" viewBox=\"0 0 512 512\" xmlns=\"http:\/\/www.w3.org\/2000\/svg\"><path d=\"M493.4 24.6l-104-24c-11.3-2.6-22.9 3.3-27.5 13.9l-48 112c-4.2 9.8-1.4 21.3 6.9 28l60.6 49.6c-36 76.7-98.9 140.5-177.2 177.2l-49.6-60.6c-6.8-8.3-18.2-11.1-28-6.9l-112 48C3.9 366.5-2 378.1.6 389.4l24 104C27.1 504.2 36.7 512 48 512c256.1 0 464-207.5 464-464 0-11.2-7.7-20.9-18.6-23.4z\"><\/path><\/svg>\t\t\t\t<\/span>\n\t\t\t<\/div>\n\t\t\t\n\t\t\t\t\t\t<div class=\"elementor-icon-box-content\">\n\n\t\t\t\t\t\t\t\t\t<div class=\"elementor-icon-box-title\">\n\t\t\t\t\t\t<span  >\n\t\t\t\t\t\t\tContactanos al \t\t\t\t\t\t<\/span>\n\t\t\t\t\t<\/div>\n\t\t\t\t\n\t\t\t\t\t\t\t\t\t<p class=\"elementor-icon-box-description\">\n\t\t\t\t\t\t<a href=\"tel:832-759-8795\" style=\"color: #010000\">832-759-8795<\/a> o\n<a href=\"tel:346-843-5450\" style=\"color: #000000\">346-843-5450<\/a>\n\t\t\t\t\t<\/p>\n\t\t\t\t\n\t\t\t<\/div>\n\t\t\t\n\t\t<\/div>\n\t\t\t\t\t\t<\/div>\n\t\t\t\t<\/div>\n\t\t\t\t<div class=\"elementor-element elementor-element-261b764 elementor-position-inline-start elementor-widget__width-auto elementor-widget-mobile__width-inherit elementor-tablet-position-block-start elementor-mobile-position-inline-start elementor-view-default elementor-widget elementor-widget-icon-box\" data-id=\"261b764\" data-element_type=\"widget\" data-e-type=\"widget\" data-widget_type=\"icon-box.default\">\n\t\t\t\t<div class=\"elementor-widget-container\">\n\t\t\t\t\t\t\t<div class=\"elementor-icon-box-wrapper\">\n\n\t\t\t\t\t\t<div class=\"elementor-icon-box-icon\">\n\t\t\t\t<a href=\"mailto:platinumagency.info@gmail.com\" class=\"elementor-icon\" tabindex=\"-1\" aria-label=\"Nuestro Email\">\n\t\t\t\t<svg aria-hidden=\"true\" class=\"e-font-icon-svg e-fas-envelope\" viewBox=\"0 0 512 512\" xmlns=\"http:\/\/www.w3.org\/2000\/svg\"><path d=\"M502.3 190.8c3.9-3.1 9.7-.2 9.7 4.7V400c0 26.5-21.5 48-48 48H48c-26.5 0-48-21.5-48-48V195.6c0-5 5.7-7.8 9.7-4.7 22.4 17.4 52.1 39.5 154.1 113.6 21.1 15.4 56.7 47.8 92.2 47.6 35.7.3 72-32.8 92.3-47.6 102-74.1 131.6-96.3 154-113.7zM256 320c23.2.4 56.6-29.2 73.4-41.4 132.7-96.3 142.8-104.7 173.4-128.7 5.8-4.5 9.2-11.5 9.2-18.9v-19c0-26.5-21.5-48-48-48H48C21.5 64 0 85.5 0 112v19c0 7.4 3.4 14.3 9.2 18.9 30.6 23.9 40.7 32.4 173.4 128.7 16.8 12.2 50.2 41.8 73.4 41.4z\"><\/path><\/svg>\t\t\t\t<\/a>\n\t\t\t<\/div>\n\t\t\t\n\t\t\t\t\t\t<div class=\"elementor-icon-box-content\">\n\n\t\t\t\t\t\t\t\t\t<div class=\"elementor-icon-box-title\">\n\t\t\t\t\t\t<a href=\"mailto:platinumagency.info@gmail.com\" >\n\t\t\t\t\t\t\tNuestro Email\t\t\t\t\t\t<\/a>\n\t\t\t\t\t<\/div>\n\t\t\t\t\n\t\t\t\t\t\t\t\t\t<p class=\"elementor-icon-box-description\">\n\t\t\t\t\t\tplatinumagency.info@gmail.com\t\t\t\t\t<\/p>\n\t\t\t\t\n\t\t\t<\/div>\n\t\t\t\n\t\t<\/div>\n\t\t\t\t\t\t<\/div>\n\t\t\t\t<\/div>\n\t\t\t\t<div class=\"elementor-element elementor-element-8a08973 elementor-widget elementor-widget-heading\" data-id=\"8a08973\" data-element_type=\"widget\" data-e-type=\"widget\" data-widget_type=\"heading.default\">\n\t\t\t\t<div class=\"elementor-widget-container\">\n\t\t\t\t\t<h2 class=\"elementor-heading-title elementor-size-default\">Horario de trabajo: Lunes a Viernes de 9am a 5pm.<\/h2>\t\t\t\t<\/div>\n\t\t\t\t<\/div>\n\t\t\t\t<div class=\"elementor-element elementor-element-4106b07 elementor-widget elementor-widget-heading\" data-id=\"4106b07\" data-element_type=\"widget\" data-e-type=\"widget\" data-widget_type=\"heading.default\">\n\t\t\t\t<div class=\"elementor-widget-container\">\n\t\t\t\t\t<h2 class=\"elementor-heading-title elementor-size-default\">Atenci\u00f3n en Espa\u00f1ol e Ingl\u00e9s<\/h2>\t\t\t\t<\/div>\n\t\t\t\t<\/div>\n\t\t\t\t\t<\/div>\n\t\t\t\t<\/div>\n\t\t\t\t\t<\/div>\n\t\t\t\t<\/div>\n\t\t\t\t<section class=\"elementor-section elementor-top-section elementor-element elementor-element-ec57fa3 elementor-section-full_width elementor-section-height-default elementor-section-height-default\" data-id=\"ec57fa3\" data-element_type=\"section\" data-e-type=\"section\">\n\t\t\t\t\t\t<div class=\"elementor-container elementor-column-gap-no\">\n\t\t\t\t\t<div class=\"elementor-column elementor-col-100 elementor-top-column elementor-element elementor-element-4c173cea\" data-id=\"4c173cea\" data-element_type=\"column\" data-e-type=\"column\">\n\t\t\t<div class=\"elementor-widget-wrap elementor-element-populated\">\n\t\t\t\t\t\t<div class=\"elementor-element elementor-element-4ea19ca8 elementor-widget elementor-widget-google_maps\" data-id=\"4ea19ca8\" data-element_type=\"widget\" data-e-type=\"widget\" data-widget_type=\"google_maps.default\">\n\t\t\t\t<div class=\"elementor-widget-container\">\n\t\t\t\t\t\t\t<div class=\"elementor-custom-embed\">\n\t\t\t<iframe loading=\"lazy\"\n\t\t\t\t\tsrc=\"https:\/\/maps.google.com\/maps?q=15915%20Katy%20Fwy%20%23560%2C%20Houston%2C%20TX%2077094%2C%20Estados%20Unidos&#038;t=m&#038;z=14&#038;output=embed&#038;iwloc=near\"\n\t\t\t\t\ttitle=\"15915 Katy Fwy #560, Houston, TX 77094, Estados Unidos\"\n\t\t\t\t\taria-label=\"15915 Katy Fwy #560, Houston, TX 77094, Estados Unidos\"\n\t\t\t><\/iframe>\n\t\t<\/div>\n\t\t\t\t\t\t<\/div>\n\t\t\t\t<\/div>\n\t\t\t\t\t<\/div>\n\t\t<\/div>\n\t\t\t\t\t<\/div>\n\t\t<\/section>\n\t\t\t\t<\/div>\n\t\t","protected":false},"excerpt":{"rendered":"<p>Contacto En Platinum Insurance Agency estamos listos para ayudarte. Completa el formulario o cont\u00e1ctanos directamente para recibir atenci\u00f3n r\u00e1pida y confiable de parte de nuestro equipo. \u00a1Tu tranquilidad financiera comienza con una conversaci\u00f3n! Env\u00edanos Mensajes Nuestro equipo est\u00e1 listo para ayudarte. Escr\u00edbenos al formulario y asegura tu tranquilidad ahora. Nuestra Direcci\u00f3n 15915 katy freeway, suite [&hellip;]<\/p>\n","protected":false},"author":1,"featured_media":0,"parent":0,"menu_order":0,"comment_status":"closed","ping_status":"closed","template":"elementor_header_footer","meta":{"footnotes":""},"class_list":["post-120","page","type-page","status-publish","hentry"],"yoast_head":"<!-- This site is optimized with the Yoast SEO plugin v27.1.1 - https:\/\/yoast.com\/product\/yoast-seo-wordpress\/ -->\n<title>Contacto - Platinum Insurance Agency<\/title>\n<meta name=\"robots\" content=\"noindex, follow, max-snippet:-1, max-image-preview:large, max-video-preview:-1\" \/>\n<meta property=\"og:locale\" content=\"en_US\" \/>\n<meta property=\"og:type\" content=\"article\" \/>\n<meta property=\"og:title\" content=\"Contacto - Platinum Insurance Agency\" \/>\n<meta property=\"og:description\" content=\"Contacto En Platinum Insurance Agency estamos listos para ayudarte. Completa el formulario o cont\u00e1ctanos directamente para recibir atenci\u00f3n r\u00e1pida y confiable de parte de nuestro equipo. \u00a1Tu tranquilidad financiera comienza con una conversaci\u00f3n! Env\u00edanos Mensajes Nuestro equipo est\u00e1 listo para ayudarte. Escr\u00edbenos al formulario y asegura tu tranquilidad ahora. Nuestra Direcci\u00f3n 15915 katy freeway, suite [&hellip;]\" \/>\n<meta property=\"og:url\" content=\"https:\/\/platinuminsurancea.com\/dev\/contacto\/\" \/>\n<meta property=\"og:site_name\" content=\"Platinum Insurance Agency\" \/>\n<meta property=\"article:modified_time\" content=\"2025-07-23T17:20:03+00:00\" \/>\n<meta name=\"twitter:card\" content=\"summary_large_image\" \/>\n<meta name=\"twitter:label1\" content=\"Est. reading time\" \/>\n\t<meta name=\"twitter:data1\" content=\"1 minute\" \/>\n<script type=\"application\/ld+json\" class=\"yoast-schema-graph\">{\"@context\":\"https:\/\/schema.org\",\"@graph\":[{\"@type\":\"WebPage\",\"@id\":\"https:\/\/platinuminsurancea.com\/dev\/contacto\/\",\"url\":\"https:\/\/platinuminsurancea.com\/dev\/contacto\/\",\"name\":\"Contacto - Platinum Insurance Agency\",\"isPartOf\":{\"@id\":\"https:\/\/platinuminsurancea.com\/dev\/#website\"},\"datePublished\":\"2024-09-30T20:07:59+00:00\",\"dateModified\":\"2025-07-23T17:20:03+00:00\",\"breadcrumb\":{\"@id\":\"https:\/\/platinuminsurancea.com\/dev\/contacto\/#breadcrumb\"},\"inLanguage\":\"en-US\",\"potentialAction\":[{\"@type\":\"ReadAction\",\"target\":[\"https:\/\/platinuminsurancea.com\/dev\/contacto\/\"]}]},{\"@type\":\"BreadcrumbList\",\"@id\":\"https:\/\/platinuminsurancea.com\/dev\/contacto\/#breadcrumb\",\"itemListElement\":[{\"@type\":\"ListItem\",\"position\":1,\"name\":\"Home\",\"item\":\"https:\/\/platinuminsurancea.com\/dev\/\"},{\"@type\":\"ListItem\",\"position\":2,\"name\":\"Contacto\"}]},{\"@type\":\"WebSite\",\"@id\":\"https:\/\/platinuminsurancea.com\/dev\/#website\",\"url\":\"https:\/\/platinuminsurancea.com\/dev\/\",\"name\":\"Platinum Insurance Agency\",\"description\":\"\",\"publisher\":{\"@id\":\"https:\/\/platinuminsurancea.com\/dev\/#organization\"},\"potentialAction\":[{\"@type\":\"SearchAction\",\"target\":{\"@type\":\"EntryPoint\",\"urlTemplate\":\"https:\/\/platinuminsurancea.com\/dev\/?s={search_term_string}\"},\"query-input\":{\"@type\":\"PropertyValueSpecification\",\"valueRequired\":true,\"valueName\":\"search_term_string\"}}],\"inLanguage\":\"en-US\"},{\"@type\":\"Organization\",\"@id\":\"https:\/\/platinuminsurancea.com\/dev\/#organization\",\"name\":\"Platinum Insurance Agency\",\"url\":\"https:\/\/platinuminsurancea.com\/dev\/\",\"logo\":{\"@type\":\"ImageObject\",\"inLanguage\":\"en-US\",\"@id\":\"https:\/\/platinuminsurancea.com\/dev\/#\/schema\/logo\/image\/\",\"url\":\"https:\/\/platinuminsurancea.com\/dev\/wp-content\/uploads\/2024\/09\/ISOTIPO-0569-1024x967.png.webp\",\"contentUrl\":\"https:\/\/platinuminsurancea.com\/dev\/wp-content\/uploads\/2024\/09\/ISOTIPO-0569-1024x967.png.webp\",\"width\":1024,\"height\":967,\"caption\":\"Platinum Insurance Agency\"},\"image\":{\"@id\":\"https:\/\/platinuminsurancea.com\/dev\/#\/schema\/logo\/image\/\"}}]}<\/script>\n<!-- \/ Yoast SEO plugin. -->","yoast_head_json":{"title":"Contacto - Platinum Insurance Agency","robots":{"index":"noindex","follow":"follow","max-snippet":"max-snippet:-1","max-image-preview":"max-image-preview:large","max-video-preview":"max-video-preview:-1"},"og_locale":"en_US","og_type":"article","og_title":"Contacto - Platinum Insurance Agency","og_description":"Contacto En Platinum Insurance Agency estamos listos para ayudarte. Completa el formulario o cont\u00e1ctanos directamente para recibir atenci\u00f3n r\u00e1pida y confiable de parte de nuestro equipo. \u00a1Tu tranquilidad financiera comienza con una conversaci\u00f3n! Env\u00edanos Mensajes Nuestro equipo est\u00e1 listo para ayudarte. Escr\u00edbenos al formulario y asegura tu tranquilidad ahora. Nuestra Direcci\u00f3n 15915 katy freeway, suite [&hellip;]","og_url":"https:\/\/platinuminsurancea.com\/dev\/contacto\/","og_site_name":"Platinum Insurance Agency","article_modified_time":"2025-07-23T17:20:03+00:00","twitter_card":"summary_large_image","twitter_misc":{"Est. reading time":"1 minute"},"schema":{"@context":"https:\/\/schema.org","@graph":[{"@type":"WebPage","@id":"https:\/\/platinuminsurancea.com\/dev\/contacto\/","url":"https:\/\/platinuminsurancea.com\/dev\/contacto\/","name":"Contacto - Platinum Insurance Agency","isPartOf":{"@id":"https:\/\/platinuminsurancea.com\/dev\/#website"},"datePublished":"2024-09-30T20:07:59+00:00","dateModified":"2025-07-23T17:20:03+00:00","breadcrumb":{"@id":"https:\/\/platinuminsurancea.com\/dev\/contacto\/#breadcrumb"},"inLanguage":"en-US","potentialAction":[{"@type":"ReadAction","target":["https:\/\/platinuminsurancea.com\/dev\/contacto\/"]}]},{"@type":"BreadcrumbList","@id":"https:\/\/platinuminsurancea.com\/dev\/contacto\/#breadcrumb","itemListElement":[{"@type":"ListItem","position":1,"name":"Home","item":"https:\/\/platinuminsurancea.com\/dev\/"},{"@type":"ListItem","position":2,"name":"Contacto"}]},{"@type":"WebSite","@id":"https:\/\/platinuminsurancea.com\/dev\/#website","url":"https:\/\/platinuminsurancea.com\/dev\/","name":"Platinum Insurance Agency","description":"","publisher":{"@id":"https:\/\/platinuminsurancea.com\/dev\/#organization"},"potentialAction":[{"@type":"SearchAction","target":{"@type":"EntryPoint","urlTemplate":"https:\/\/platinuminsurancea.com\/dev\/?s={search_term_string}"},"query-input":{"@type":"PropertyValueSpecification","valueRequired":true,"valueName":"search_term_string"}}],"inLanguage":"en-US"},{"@type":"Organization","@id":"https:\/\/platinuminsurancea.com\/dev\/#organization","name":"Platinum Insurance Agency","url":"https:\/\/platinuminsurancea.com\/dev\/","logo":{"@type":"ImageObject","inLanguage":"en-US","@id":"https:\/\/platinuminsurancea.com\/dev\/#\/schema\/logo\/image\/","url":"https:\/\/platinuminsurancea.com\/dev\/wp-content\/uploads\/2024\/09\/ISOTIPO-0569-1024x967.png.webp","contentUrl":"https:\/\/platinuminsurancea.com\/dev\/wp-content\/uploads\/2024\/09\/ISOTIPO-0569-1024x967.png.webp","width":1024,"height":967,"caption":"Platinum Insurance Agency"},"image":{"@id":"https:\/\/platinuminsurancea.com\/dev\/#\/schema\/logo\/image\/"}}]}},"_links":{"self":[{"href":"https:\/\/platinuminsurancea.com\/dev\/wp-json\/wp\/v2\/pages\/120","targetHints":{"allow":["GET"]}}],"collection":[{"href":"https:\/\/platinuminsurancea.com\/dev\/wp-json\/wp\/v2\/pages"}],"about":[{"href":"https:\/\/platinuminsurancea.com\/dev\/wp-json\/wp\/v2\/types\/page"}],"author":[{"embeddable":true,"href":"https:\/\/platinuminsurancea.com\/dev\/wp-json\/wp\/v2\/users\/1"}],"replies":[{"embeddable":true,"href":"https:\/\/platinuminsurancea.com\/dev\/wp-json\/wp\/v2\/comments?post=120"}],"version-history":[{"count":106,"href":"https:\/\/platinuminsurancea.com\/dev\/wp-json\/wp\/v2\/pages\/120\/revisions"}],"predecessor-version":[{"id":3063,"href":"https:\/\/platinuminsurancea.com\/dev\/wp-json\/wp\/v2\/pages\/120\/revisions\/3063"}],"wp:attachment":[{"href":"https:\/\/platinuminsurancea.com\/dev\/wp-json\/wp\/v2\/media?parent=120"}],"curies":[{"name":"wp","href":"https:\/\/api.w.org\/{rel}","templated":true}]}}