{"id":1069,"date":"2024-10-25T17:24:06","date_gmt":"2024-10-25T17:24:06","guid":{"rendered":"https:\/\/platinuminsurancea.com\/staging\/?page_id=1069"},"modified":"2024-11-13T16:52:58","modified_gmt":"2024-11-13T16:52:58","slug":"united-healthcare","status":"publish","type":"page","link":"https:\/\/platinuminsurancea.com\/dev\/united-healthcare\/","title":{"rendered":"United Healthcare"},"content":{"rendered":"\t\t<div data-elementor-type=\"wp-page\" data-elementor-id=\"1069\" class=\"elementor elementor-1069\" data-elementor-post-type=\"page\">\n\t\t\t\t<div class=\"elementor-element elementor-element-0d6446e e-flex e-con-boxed e-con e-parent\" data-id=\"0d6446e\" data-element_type=\"container\" data-e-type=\"container\">\n\t\t\t\t\t<div class=\"e-con-inner\">\n\t\t\t\t<div class=\"elementor-element elementor-element-a84dc3f elementor-widget elementor-widget-heading\" data-id=\"a84dc3f\" data-element_type=\"widget\" data-e-type=\"widget\" data-widget_type=\"heading.default\">\n\t\t\t\t<div class=\"elementor-widget-container\">\n\t\t\t\t\t<h2 class=\"elementor-heading-title elementor-size-default\">Red de Cobertura<\/h2>\t\t\t\t<\/div>\n\t\t\t\t<\/div>\n\t\t\t\t\t<\/div>\n\t\t\t\t<\/div>\n\t\t<div class=\"elementor-element elementor-element-88e6325 e-flex e-con-boxed e-con e-parent\" data-id=\"88e6325\" data-element_type=\"container\" data-e-type=\"container\">\n\t\t\t\t\t<div class=\"e-con-inner\">\n\t\t<div class=\"elementor-element elementor-element-7a6adff e-con-full e-flex e-con e-child\" data-id=\"7a6adff\" data-element_type=\"container\" data-e-type=\"container\">\n\t\t\t\t<div class=\"elementor-element elementor-element-df607c5 elementor-widget elementor-widget-text-editor\" data-id=\"df607c5\" data-element_type=\"widget\" data-e-type=\"widget\" data-widget_type=\"text-editor.default\">\n\t\t\t\t<div class=\"elementor-widget-container\">\n\t\t\t\t\t\t\t\t\t<p><img fetchpriority=\"high\" decoding=\"async\" class=\"size-medium wp-image-63 alignleft\" src=\"https:\/\/arrietainsurancea.com\/wp-content\/uploads\/2024\/09\/LOGOS-17-300x300.webp\" alt=\"\" width=\"300\" height=\"300\" \/>United Healthcare es una empresa de seguros de salud con sede en Estados Unidos y filiales en todo el mundo. Ofrece una amplia variedad de opciones de seguros de salud para individuos, empresas y organizaciones gubernamentales. La compa\u00f1\u00eda se centra en la atenci\u00f3n al paciente, la innovaci\u00f3n y la mejora de la calidad de la atenci\u00f3n m\u00e9dica.\u00a0<\/p><p>Ofrecen atenci\u00f3n m\u00e9dica de alta calidad a precios asequibles, con una amplia red de proveedores y una gran cantidad de opciones de cobertura. Tambi\u00e9n est\u00e1n comprometidos en promover la prevenci\u00f3n de enfermedades y el bienestar en la comunidad.\u00a0<\/p><p>La empresa ha recibido premios por su excelencia en atenci\u00f3n m\u00e9dica y ha sido reconocida por sus iniciativas en sostenibilidad y responsabilidad social corporativa.<\/p>\t\t\t\t\t\t\t\t<\/div>\n\t\t\t\t<\/div>\n\t\t\t\t<\/div>\n\t\t<div class=\"elementor-element elementor-element-66a9b58 e-con-full e-flex e-con e-child\" data-id=\"66a9b58\" data-element_type=\"container\" data-e-type=\"container\">\n\t\t\t\t<div class=\"elementor-element elementor-element-549447d elementor-widget elementor-widget-shortcode\" data-id=\"549447d\" data-element_type=\"widget\" data-e-type=\"widget\" data-widget_type=\"shortcode.default\">\n\t\t\t\t<div class=\"elementor-widget-container\">\n\t\t\t\t\t\t\t<div class=\"elementor-shortcode\"><div class=\"_df_book df-lite\" id=\"df_1923\"  _slug=\"united-healthcare-nuevo\" data-title=\"united-healthcare-nuevo\" wpoptions=\"true\" thumbtype=\"\" ><\/div><script class=\"df-shortcode-script\" nowprocket type=\"application\/javascript\">window.option_df_1923 = {\"outline\":[],\"autoEnableOutline\":\"false\",\"autoEnableThumbnail\":\"false\",\"overwritePDFOutline\":\"false\",\"direction\":\"1\",\"pageSize\":\"0\",\"source\":\"https:\\\/\\\/platinuminsurancea.com\\\/dev\\\/wp-content\\\/uploads\\\/2024\\\/11\\\/UNITED-Platinum.pdf\",\"wpOptions\":\"true\"}; if(window.DFLIP && window.DFLIP.parseBooks){window.DFLIP.parseBooks();}<\/script><\/div>\n\t\t\t\t\t\t<\/div>\n\t\t\t\t<\/div>\n\t\t\t\t<\/div>\n\t\t\t\t\t<\/div>\n\t\t\t\t<\/div>\n\t\t\t\t<\/div>\n\t\t","protected":false},"excerpt":{"rendered":"<p>Red de Cobertura United Healthcare es una empresa de seguros de salud con sede en Estados Unidos y filiales en todo el mundo. Ofrece una amplia variedad de opciones de seguros de salud para individuos, empresas y organizaciones gubernamentales. La compa\u00f1\u00eda se centra en la atenci\u00f3n al paciente, la innovaci\u00f3n y la mejora de la [&hellip;]<\/p>\n","protected":false},"author":1,"featured_media":0,"parent":0,"menu_order":0,"comment_status":"closed","ping_status":"closed","template":"elementor_header_footer","meta":{"footnotes":""},"class_list":["post-1069","page","type-page","status-publish","hentry"],"yoast_head":"<!-- This site is optimized with the Yoast SEO plugin v27.1.1 - https:\/\/yoast.com\/product\/yoast-seo-wordpress\/ -->\n<title>United Healthcare - Platinum Insurance Agency<\/title>\n<meta name=\"robots\" content=\"noindex, follow, max-snippet:-1, max-image-preview:large, max-video-preview:-1\" \/>\n<meta property=\"og:locale\" content=\"en_US\" \/>\n<meta property=\"og:type\" content=\"article\" \/>\n<meta property=\"og:title\" content=\"United Healthcare - Platinum Insurance Agency\" \/>\n<meta property=\"og:description\" content=\"Red de Cobertura United Healthcare es una empresa de seguros de salud con sede en Estados Unidos y filiales en todo el mundo. Ofrece una amplia variedad de opciones de seguros de salud para individuos, empresas y organizaciones gubernamentales. La compa\u00f1\u00eda se centra en la atenci\u00f3n al paciente, la innovaci\u00f3n y la mejora de la [&hellip;]\" \/>\n<meta property=\"og:url\" content=\"https:\/\/platinuminsurancea.com\/dev\/united-healthcare\/\" \/>\n<meta property=\"og:site_name\" content=\"Platinum Insurance Agency\" \/>\n<meta property=\"article:modified_time\" content=\"2024-11-13T16:52:58+00:00\" \/>\n<meta property=\"og:image\" content=\"https:\/\/platinuminsurancea.com\/dev\/wp-content\/uploads\/2024\/09\/paramedics-carrying-patient-on-gurney-pushing-and-2023-11-27-05-00-52-utc-scaled-1.webp\" \/>\n\t<meta property=\"og:image:width\" content=\"2560\" \/>\n\t<meta property=\"og:image:height\" content=\"1707\" \/>\n\t<meta property=\"og:image:type\" content=\"image\/webp\" \/>\n<meta name=\"twitter:card\" content=\"summary_large_image\" \/>\n<meta name=\"twitter:label1\" content=\"Est. reading time\" \/>\n\t<meta name=\"twitter:data1\" content=\"1 minute\" \/>\n<script type=\"application\/ld+json\" class=\"yoast-schema-graph\">{\"@context\":\"https:\/\/schema.org\",\"@graph\":[{\"@type\":\"WebPage\",\"@id\":\"https:\/\/platinuminsurancea.com\/dev\/united-healthcare\/\",\"url\":\"https:\/\/platinuminsurancea.com\/dev\/united-healthcare\/\",\"name\":\"United Healthcare - Platinum Insurance Agency\",\"isPartOf\":{\"@id\":\"https:\/\/platinuminsurancea.com\/dev\/#website\"},\"primaryImageOfPage\":{\"@id\":\"https:\/\/platinuminsurancea.com\/dev\/united-healthcare\/#primaryimage\"},\"image\":{\"@id\":\"https:\/\/platinuminsurancea.com\/dev\/united-healthcare\/#primaryimage\"},\"thumbnailUrl\":\"https:\/\/arrietainsurancea.com\/wp-content\/uploads\/2024\/09\/LOGOS-17-300x300.webp\",\"datePublished\":\"2024-10-25T17:24:06+00:00\",\"dateModified\":\"2024-11-13T16:52:58+00:00\",\"breadcrumb\":{\"@id\":\"https:\/\/platinuminsurancea.com\/dev\/united-healthcare\/#breadcrumb\"},\"inLanguage\":\"en-US\",\"potentialAction\":[{\"@type\":\"ReadAction\",\"target\":[\"https:\/\/platinuminsurancea.com\/dev\/united-healthcare\/\"]}]},{\"@type\":\"ImageObject\",\"inLanguage\":\"en-US\",\"@id\":\"https:\/\/platinuminsurancea.com\/dev\/united-healthcare\/#primaryimage\",\"url\":\"https:\/\/arrietainsurancea.com\/wp-content\/uploads\/2024\/09\/LOGOS-17-300x300.webp\",\"contentUrl\":\"https:\/\/arrietainsurancea.com\/wp-content\/uploads\/2024\/09\/LOGOS-17-300x300.webp\"},{\"@type\":\"BreadcrumbList\",\"@id\":\"https:\/\/platinuminsurancea.com\/dev\/united-healthcare\/#breadcrumb\",\"itemListElement\":[{\"@type\":\"ListItem\",\"position\":1,\"name\":\"Home\",\"item\":\"https:\/\/platinuminsurancea.com\/dev\/\"},{\"@type\":\"ListItem\",\"position\":2,\"name\":\"United Healthcare\"}]},{\"@type\":\"WebSite\",\"@id\":\"https:\/\/platinuminsurancea.com\/dev\/#website\",\"url\":\"https:\/\/platinuminsurancea.com\/dev\/\",\"name\":\"Platinum Insurance Agency\",\"description\":\"\",\"publisher\":{\"@id\":\"https:\/\/platinuminsurancea.com\/dev\/#organization\"},\"potentialAction\":[{\"@type\":\"SearchAction\",\"target\":{\"@type\":\"EntryPoint\",\"urlTemplate\":\"https:\/\/platinuminsurancea.com\/dev\/?s={search_term_string}\"},\"query-input\":{\"@type\":\"PropertyValueSpecification\",\"valueRequired\":true,\"valueName\":\"search_term_string\"}}],\"inLanguage\":\"en-US\"},{\"@type\":\"Organization\",\"@id\":\"https:\/\/platinuminsurancea.com\/dev\/#organization\",\"name\":\"Platinum Insurance Agency\",\"url\":\"https:\/\/platinuminsurancea.com\/dev\/\",\"logo\":{\"@type\":\"ImageObject\",\"inLanguage\":\"en-US\",\"@id\":\"https:\/\/platinuminsurancea.com\/dev\/#\/schema\/logo\/image\/\",\"url\":\"https:\/\/platinuminsurancea.com\/dev\/wp-content\/uploads\/2024\/09\/ISOTIPO-0569-1024x967.png.webp\",\"contentUrl\":\"https:\/\/platinuminsurancea.com\/dev\/wp-content\/uploads\/2024\/09\/ISOTIPO-0569-1024x967.png.webp\",\"width\":1024,\"height\":967,\"caption\":\"Platinum Insurance Agency\"},\"image\":{\"@id\":\"https:\/\/platinuminsurancea.com\/dev\/#\/schema\/logo\/image\/\"}}]}<\/script>\n<!-- \/ Yoast SEO plugin. -->","yoast_head_json":{"title":"United Healthcare - Platinum Insurance Agency","robots":{"index":"noindex","follow":"follow","max-snippet":"max-snippet:-1","max-image-preview":"max-image-preview:large","max-video-preview":"max-video-preview:-1"},"og_locale":"en_US","og_type":"article","og_title":"United Healthcare - Platinum Insurance Agency","og_description":"Red de Cobertura United Healthcare es una empresa de seguros de salud con sede en Estados Unidos y filiales en todo el mundo. Ofrece una amplia variedad de opciones de seguros de salud para individuos, empresas y organizaciones gubernamentales. La compa\u00f1\u00eda se centra en la atenci\u00f3n al paciente, la innovaci\u00f3n y la mejora de la [&hellip;]","og_url":"https:\/\/platinuminsurancea.com\/dev\/united-healthcare\/","og_site_name":"Platinum Insurance Agency","article_modified_time":"2024-11-13T16:52:58+00:00","og_image":[{"width":2560,"height":1707,"url":"https:\/\/platinuminsurancea.com\/dev\/wp-content\/uploads\/2024\/09\/paramedics-carrying-patient-on-gurney-pushing-and-2023-11-27-05-00-52-utc-scaled-1.webp","type":"image\/webp"}],"twitter_card":"summary_large_image","twitter_misc":{"Est. reading time":"1 minute"},"schema":{"@context":"https:\/\/schema.org","@graph":[{"@type":"WebPage","@id":"https:\/\/platinuminsurancea.com\/dev\/united-healthcare\/","url":"https:\/\/platinuminsurancea.com\/dev\/united-healthcare\/","name":"United Healthcare - Platinum Insurance Agency","isPartOf":{"@id":"https:\/\/platinuminsurancea.com\/dev\/#website"},"primaryImageOfPage":{"@id":"https:\/\/platinuminsurancea.com\/dev\/united-healthcare\/#primaryimage"},"image":{"@id":"https:\/\/platinuminsurancea.com\/dev\/united-healthcare\/#primaryimage"},"thumbnailUrl":"https:\/\/arrietainsurancea.com\/wp-content\/uploads\/2024\/09\/LOGOS-17-300x300.webp","datePublished":"2024-10-25T17:24:06+00:00","dateModified":"2024-11-13T16:52:58+00:00","breadcrumb":{"@id":"https:\/\/platinuminsurancea.com\/dev\/united-healthcare\/#breadcrumb"},"inLanguage":"en-US","potentialAction":[{"@type":"ReadAction","target":["https:\/\/platinuminsurancea.com\/dev\/united-healthcare\/"]}]},{"@type":"ImageObject","inLanguage":"en-US","@id":"https:\/\/platinuminsurancea.com\/dev\/united-healthcare\/#primaryimage","url":"https:\/\/arrietainsurancea.com\/wp-content\/uploads\/2024\/09\/LOGOS-17-300x300.webp","contentUrl":"https:\/\/arrietainsurancea.com\/wp-content\/uploads\/2024\/09\/LOGOS-17-300x300.webp"},{"@type":"BreadcrumbList","@id":"https:\/\/platinuminsurancea.com\/dev\/united-healthcare\/#breadcrumb","itemListElement":[{"@type":"ListItem","position":1,"name":"Home","item":"https:\/\/platinuminsurancea.com\/dev\/"},{"@type":"ListItem","position":2,"name":"United Healthcare"}]},{"@type":"WebSite","@id":"https:\/\/platinuminsurancea.com\/dev\/#website","url":"https:\/\/platinuminsurancea.com\/dev\/","name":"Platinum Insurance Agency","description":"","publisher":{"@id":"https:\/\/platinuminsurancea.com\/dev\/#organization"},"potentialAction":[{"@type":"SearchAction","target":{"@type":"EntryPoint","urlTemplate":"https:\/\/platinuminsurancea.com\/dev\/?s={search_term_string}"},"query-input":{"@type":"PropertyValueSpecification","valueRequired":true,"valueName":"search_term_string"}}],"inLanguage":"en-US"},{"@type":"Organization","@id":"https:\/\/platinuminsurancea.com\/dev\/#organization","name":"Platinum Insurance Agency","url":"https:\/\/platinuminsurancea.com\/dev\/","logo":{"@type":"ImageObject","inLanguage":"en-US","@id":"https:\/\/platinuminsurancea.com\/dev\/#\/schema\/logo\/image\/","url":"https:\/\/platinuminsurancea.com\/dev\/wp-content\/uploads\/2024\/09\/ISOTIPO-0569-1024x967.png.webp","contentUrl":"https:\/\/platinuminsurancea.com\/dev\/wp-content\/uploads\/2024\/09\/ISOTIPO-0569-1024x967.png.webp","width":1024,"height":967,"caption":"Platinum Insurance Agency"},"image":{"@id":"https:\/\/platinuminsurancea.com\/dev\/#\/schema\/logo\/image\/"}}]}},"_links":{"self":[{"href":"https:\/\/platinuminsurancea.com\/dev\/wp-json\/wp\/v2\/pages\/1069","targetHints":{"allow":["GET"]}}],"collection":[{"href":"https:\/\/platinuminsurancea.com\/dev\/wp-json\/wp\/v2\/pages"}],"about":[{"href":"https:\/\/platinuminsurancea.com\/dev\/wp-json\/wp\/v2\/types\/page"}],"author":[{"embeddable":true,"href":"https:\/\/platinuminsurancea.com\/dev\/wp-json\/wp\/v2\/users\/1"}],"replies":[{"embeddable":true,"href":"https:\/\/platinuminsurancea.com\/dev\/wp-json\/wp\/v2\/comments?post=1069"}],"version-history":[{"count":13,"href":"https:\/\/platinuminsurancea.com\/dev\/wp-json\/wp\/v2\/pages\/1069\/revisions"}],"predecessor-version":[{"id":1957,"href":"https:\/\/platinuminsurancea.com\/dev\/wp-json\/wp\/v2\/pages\/1069\/revisions\/1957"}],"wp:attachment":[{"href":"https:\/\/platinuminsurancea.com\/dev\/wp-json\/wp\/v2\/media?parent=1069"}],"curies":[{"name":"wp","href":"https:\/\/api.w.org\/{rel}","templated":true}]}}