{"id":1053,"date":"2024-10-25T17:19:44","date_gmt":"2024-10-25T17:19:44","guid":{"rendered":"https:\/\/platinuminsurancea.com\/staging\/?page_id=1053"},"modified":"2024-11-13T16:51:08","modified_gmt":"2024-11-13T16:51:08","slug":"ambetter","status":"publish","type":"page","link":"https:\/\/platinuminsurancea.com\/dev\/ambetter\/","title":{"rendered":"Ambetter"},"content":{"rendered":"\t\t<div data-elementor-type=\"wp-page\" data-elementor-id=\"1053\" class=\"elementor elementor-1053\" data-elementor-post-type=\"page\">\n\t\t\t\t<div class=\"elementor-element elementor-element-9124a93 e-flex e-con-boxed e-con e-parent\" data-id=\"9124a93\" data-element_type=\"container\" data-e-type=\"container\">\n\t\t\t\t\t<div class=\"e-con-inner\">\n\t\t\t\t<div class=\"elementor-element elementor-element-19c8efa elementor-widget elementor-widget-heading\" data-id=\"19c8efa\" data-element_type=\"widget\" data-e-type=\"widget\" data-widget_type=\"heading.default\">\n\t\t\t\t<div class=\"elementor-widget-container\">\n\t\t\t\t\t<h2 class=\"elementor-heading-title elementor-size-default\">Red de Cobertura<\/h2>\t\t\t\t<\/div>\n\t\t\t\t<\/div>\n\t\t\t\t\t<\/div>\n\t\t\t\t<\/div>\n\t\t<div class=\"elementor-element elementor-element-25a1baa e-flex e-con-boxed e-con e-parent\" data-id=\"25a1baa\" data-element_type=\"container\" data-e-type=\"container\">\n\t\t\t\t\t<div class=\"e-con-inner\">\n\t\t<div class=\"elementor-element elementor-element-55515a3 e-con-full e-flex e-con e-child\" data-id=\"55515a3\" data-element_type=\"container\" data-e-type=\"container\">\n\t\t\t\t<div class=\"elementor-element elementor-element-f175650 elementor-widget elementor-widget-text-editor\" data-id=\"f175650\" data-element_type=\"widget\" data-e-type=\"widget\" data-widget_type=\"text-editor.default\">\n\t\t\t\t<div class=\"elementor-widget-container\">\n\t\t\t\t\t\t\t\t\t<p><img fetchpriority=\"high\" decoding=\"async\" class=\"size-medium wp-image-68 alignleft\" src=\"https:\/\/arrietainsurancea.com\/wp-content\/uploads\/2024\/09\/LOGOS-04-300x300.webp\" alt=\"\" width=\"300\" height=\"300\" \/>Ambetter es una compa\u00f1\u00eda de seguros de salud que ofrece cobertura para individuos y familias en varios estados de los Estados Unidos. La compa\u00f1\u00eda cuenta con una amplia red de proveedores de atenci\u00f3n m\u00e9dica, hospitales y especialistas para ofrecer acceso a una atenci\u00f3n de calidad a sus miembros. La cobertura de Ambetter incluye atenci\u00f3n m\u00e9dica, dental y de la vista, as\u00ed como medicamentos recetados, servicios de salud mental y programas de bienestar.<\/p><p>La red de Ambetter incluye m\u00e1s de 80.000 proveedores de atenci\u00f3n m\u00e9dica, con m\u00e1s de 400 hospitales y centros de atenci\u00f3n urgente en todo el pa\u00eds. La compa\u00f1\u00eda tiene como objetivo proporcionar una cobertura integral a sus miembros, asegurando que tengan acceso a atenci\u00f3n asequible donde y cuando la necesiten. Ambetter tambi\u00e9n ofrece servicios de telemedicina, lo que permite a los miembros conectarse con proveedores de atenci\u00f3n m\u00e9dica de forma remota, expandiendo a\u00fan m\u00e1s su acceso a la atenci\u00f3n.<\/p><p>En general, la red de cobertura de Ambetter est\u00e1 dise\u00f1ada para garantizar que sus miembros tengan tranquilidad, sabiendo que sus necesidades de atenci\u00f3n m\u00e9dica est\u00e1n cubiertas.<\/p>\t\t\t\t\t\t\t\t<\/div>\n\t\t\t\t<\/div>\n\t\t\t\t<\/div>\n\t\t<div class=\"elementor-element elementor-element-d15608e e-con-full e-flex e-con e-child\" data-id=\"d15608e\" data-element_type=\"container\" data-e-type=\"container\">\n\t\t\t\t<div class=\"elementor-element elementor-element-ce9817d elementor-widget elementor-widget-shortcode\" data-id=\"ce9817d\" data-element_type=\"widget\" data-e-type=\"widget\" data-widget_type=\"shortcode.default\">\n\t\t\t\t<div class=\"elementor-widget-container\">\n\t\t\t\t\t\t\t<div class=\"elementor-shortcode\"><div class=\"_df_book df-lite\" id=\"df_1910\"  _slug=\"ambatter-nuevo\" data-title=\"ambetter-nuevo\" wpoptions=\"true\" thumbtype=\"\" ><\/div><script class=\"df-shortcode-script\" nowprocket type=\"application\/javascript\">window.option_df_1910 = {\"outline\":[],\"autoEnableOutline\":\"false\",\"autoEnableThumbnail\":\"false\",\"overwritePDFOutline\":\"false\",\"direction\":\"1\",\"pageSize\":\"0\",\"source\":\"https:\\\/\\\/platinuminsurancea.com\\\/dev\\\/wp-content\\\/uploads\\\/2024\\\/11\\\/Ambetter-Platinum-.pdf\",\"wpOptions\":\"true\"}; if(window.DFLIP && window.DFLIP.parseBooks){window.DFLIP.parseBooks();}<\/script><\/div>\n\t\t\t\t\t\t<\/div>\n\t\t\t\t<\/div>\n\t\t\t\t<\/div>\n\t\t\t\t\t<\/div>\n\t\t\t\t<\/div>\n\t\t\t\t<\/div>\n\t\t","protected":false},"excerpt":{"rendered":"<p>Red de Cobertura Ambetter es una compa\u00f1\u00eda de seguros de salud que ofrece cobertura para individuos y familias en varios estados de los Estados Unidos. La compa\u00f1\u00eda cuenta con una amplia red de proveedores de atenci\u00f3n m\u00e9dica, hospitales y especialistas para ofrecer acceso a una atenci\u00f3n de calidad a sus miembros. La cobertura de Ambetter [&hellip;]<\/p>\n","protected":false},"author":1,"featured_media":0,"parent":0,"menu_order":0,"comment_status":"closed","ping_status":"closed","template":"elementor_header_footer","meta":{"footnotes":""},"class_list":["post-1053","page","type-page","status-publish","hentry"],"yoast_head":"<!-- This site is optimized with the Yoast SEO plugin v27.1.1 - https:\/\/yoast.com\/product\/yoast-seo-wordpress\/ -->\n<title>Ambetter - Platinum Insurance Agency<\/title>\n<meta name=\"robots\" content=\"noindex, follow, max-snippet:-1, max-image-preview:large, max-video-preview:-1\" \/>\n<meta property=\"og:locale\" content=\"en_US\" \/>\n<meta property=\"og:type\" content=\"article\" \/>\n<meta property=\"og:title\" content=\"Ambetter - Platinum Insurance Agency\" \/>\n<meta property=\"og:description\" content=\"Red de Cobertura Ambetter es una compa\u00f1\u00eda de seguros de salud que ofrece cobertura para individuos y familias en varios estados de los Estados Unidos. La compa\u00f1\u00eda cuenta con una amplia red de proveedores de atenci\u00f3n m\u00e9dica, hospitales y especialistas para ofrecer acceso a una atenci\u00f3n de calidad a sus miembros. La cobertura de Ambetter [&hellip;]\" \/>\n<meta property=\"og:url\" content=\"https:\/\/platinuminsurancea.com\/dev\/ambetter\/\" \/>\n<meta property=\"og:site_name\" content=\"Platinum Insurance Agency\" \/>\n<meta property=\"article:modified_time\" content=\"2024-11-13T16:51:08+00:00\" \/>\n<meta property=\"og:image\" content=\"https:\/\/platinuminsurancea.com\/dev\/wp-content\/uploads\/2024\/09\/IMG_1234-1.webp\" \/>\n\t<meta property=\"og:image:width\" content=\"1500\" \/>\n\t<meta property=\"og:image:height\" content=\"1500\" \/>\n\t<meta property=\"og:image:type\" content=\"image\/webp\" \/>\n<meta name=\"twitter:card\" content=\"summary_large_image\" \/>\n<meta name=\"twitter:label1\" content=\"Est. reading time\" \/>\n\t<meta name=\"twitter:data1\" content=\"1 minute\" \/>\n<script type=\"application\/ld+json\" class=\"yoast-schema-graph\">{\"@context\":\"https:\/\/schema.org\",\"@graph\":[{\"@type\":\"WebPage\",\"@id\":\"https:\/\/platinuminsurancea.com\/dev\/ambetter\/\",\"url\":\"https:\/\/platinuminsurancea.com\/dev\/ambetter\/\",\"name\":\"Ambetter - Platinum Insurance Agency\",\"isPartOf\":{\"@id\":\"https:\/\/platinuminsurancea.com\/dev\/#website\"},\"primaryImageOfPage\":{\"@id\":\"https:\/\/platinuminsurancea.com\/dev\/ambetter\/#primaryimage\"},\"image\":{\"@id\":\"https:\/\/platinuminsurancea.com\/dev\/ambetter\/#primaryimage\"},\"thumbnailUrl\":\"https:\/\/arrietainsurancea.com\/wp-content\/uploads\/2024\/09\/LOGOS-04-300x300.webp\",\"datePublished\":\"2024-10-25T17:19:44+00:00\",\"dateModified\":\"2024-11-13T16:51:08+00:00\",\"breadcrumb\":{\"@id\":\"https:\/\/platinuminsurancea.com\/dev\/ambetter\/#breadcrumb\"},\"inLanguage\":\"en-US\",\"potentialAction\":[{\"@type\":\"ReadAction\",\"target\":[\"https:\/\/platinuminsurancea.com\/dev\/ambetter\/\"]}]},{\"@type\":\"ImageObject\",\"inLanguage\":\"en-US\",\"@id\":\"https:\/\/platinuminsurancea.com\/dev\/ambetter\/#primaryimage\",\"url\":\"https:\/\/arrietainsurancea.com\/wp-content\/uploads\/2024\/09\/LOGOS-04-300x300.webp\",\"contentUrl\":\"https:\/\/arrietainsurancea.com\/wp-content\/uploads\/2024\/09\/LOGOS-04-300x300.webp\"},{\"@type\":\"BreadcrumbList\",\"@id\":\"https:\/\/platinuminsurancea.com\/dev\/ambetter\/#breadcrumb\",\"itemListElement\":[{\"@type\":\"ListItem\",\"position\":1,\"name\":\"Home\",\"item\":\"https:\/\/platinuminsurancea.com\/dev\/\"},{\"@type\":\"ListItem\",\"position\":2,\"name\":\"Ambetter\"}]},{\"@type\":\"WebSite\",\"@id\":\"https:\/\/platinuminsurancea.com\/dev\/#website\",\"url\":\"https:\/\/platinuminsurancea.com\/dev\/\",\"name\":\"Platinum Insurance Agency\",\"description\":\"\",\"publisher\":{\"@id\":\"https:\/\/platinuminsurancea.com\/dev\/#organization\"},\"potentialAction\":[{\"@type\":\"SearchAction\",\"target\":{\"@type\":\"EntryPoint\",\"urlTemplate\":\"https:\/\/platinuminsurancea.com\/dev\/?s={search_term_string}\"},\"query-input\":{\"@type\":\"PropertyValueSpecification\",\"valueRequired\":true,\"valueName\":\"search_term_string\"}}],\"inLanguage\":\"en-US\"},{\"@type\":\"Organization\",\"@id\":\"https:\/\/platinuminsurancea.com\/dev\/#organization\",\"name\":\"Platinum Insurance Agency\",\"url\":\"https:\/\/platinuminsurancea.com\/dev\/\",\"logo\":{\"@type\":\"ImageObject\",\"inLanguage\":\"en-US\",\"@id\":\"https:\/\/platinuminsurancea.com\/dev\/#\/schema\/logo\/image\/\",\"url\":\"https:\/\/platinuminsurancea.com\/dev\/wp-content\/uploads\/2024\/09\/ISOTIPO-0569-1024x967.png.webp\",\"contentUrl\":\"https:\/\/platinuminsurancea.com\/dev\/wp-content\/uploads\/2024\/09\/ISOTIPO-0569-1024x967.png.webp\",\"width\":1024,\"height\":967,\"caption\":\"Platinum Insurance Agency\"},\"image\":{\"@id\":\"https:\/\/platinuminsurancea.com\/dev\/#\/schema\/logo\/image\/\"}}]}<\/script>\n<!-- \/ Yoast SEO plugin. -->","yoast_head_json":{"title":"Ambetter - Platinum Insurance Agency","robots":{"index":"noindex","follow":"follow","max-snippet":"max-snippet:-1","max-image-preview":"max-image-preview:large","max-video-preview":"max-video-preview:-1"},"og_locale":"en_US","og_type":"article","og_title":"Ambetter - Platinum Insurance Agency","og_description":"Red de Cobertura Ambetter es una compa\u00f1\u00eda de seguros de salud que ofrece cobertura para individuos y familias en varios estados de los Estados Unidos. La compa\u00f1\u00eda cuenta con una amplia red de proveedores de atenci\u00f3n m\u00e9dica, hospitales y especialistas para ofrecer acceso a una atenci\u00f3n de calidad a sus miembros. La cobertura de Ambetter [&hellip;]","og_url":"https:\/\/platinuminsurancea.com\/dev\/ambetter\/","og_site_name":"Platinum Insurance Agency","article_modified_time":"2024-11-13T16:51:08+00:00","og_image":[{"width":1500,"height":1500,"url":"https:\/\/platinuminsurancea.com\/dev\/wp-content\/uploads\/2024\/09\/IMG_1234-1.webp","type":"image\/webp"}],"twitter_card":"summary_large_image","twitter_misc":{"Est. reading time":"1 minute"},"schema":{"@context":"https:\/\/schema.org","@graph":[{"@type":"WebPage","@id":"https:\/\/platinuminsurancea.com\/dev\/ambetter\/","url":"https:\/\/platinuminsurancea.com\/dev\/ambetter\/","name":"Ambetter - Platinum Insurance Agency","isPartOf":{"@id":"https:\/\/platinuminsurancea.com\/dev\/#website"},"primaryImageOfPage":{"@id":"https:\/\/platinuminsurancea.com\/dev\/ambetter\/#primaryimage"},"image":{"@id":"https:\/\/platinuminsurancea.com\/dev\/ambetter\/#primaryimage"},"thumbnailUrl":"https:\/\/arrietainsurancea.com\/wp-content\/uploads\/2024\/09\/LOGOS-04-300x300.webp","datePublished":"2024-10-25T17:19:44+00:00","dateModified":"2024-11-13T16:51:08+00:00","breadcrumb":{"@id":"https:\/\/platinuminsurancea.com\/dev\/ambetter\/#breadcrumb"},"inLanguage":"en-US","potentialAction":[{"@type":"ReadAction","target":["https:\/\/platinuminsurancea.com\/dev\/ambetter\/"]}]},{"@type":"ImageObject","inLanguage":"en-US","@id":"https:\/\/platinuminsurancea.com\/dev\/ambetter\/#primaryimage","url":"https:\/\/arrietainsurancea.com\/wp-content\/uploads\/2024\/09\/LOGOS-04-300x300.webp","contentUrl":"https:\/\/arrietainsurancea.com\/wp-content\/uploads\/2024\/09\/LOGOS-04-300x300.webp"},{"@type":"BreadcrumbList","@id":"https:\/\/platinuminsurancea.com\/dev\/ambetter\/#breadcrumb","itemListElement":[{"@type":"ListItem","position":1,"name":"Home","item":"https:\/\/platinuminsurancea.com\/dev\/"},{"@type":"ListItem","position":2,"name":"Ambetter"}]},{"@type":"WebSite","@id":"https:\/\/platinuminsurancea.com\/dev\/#website","url":"https:\/\/platinuminsurancea.com\/dev\/","name":"Platinum Insurance Agency","description":"","publisher":{"@id":"https:\/\/platinuminsurancea.com\/dev\/#organization"},"potentialAction":[{"@type":"SearchAction","target":{"@type":"EntryPoint","urlTemplate":"https:\/\/platinuminsurancea.com\/dev\/?s={search_term_string}"},"query-input":{"@type":"PropertyValueSpecification","valueRequired":true,"valueName":"search_term_string"}}],"inLanguage":"en-US"},{"@type":"Organization","@id":"https:\/\/platinuminsurancea.com\/dev\/#organization","name":"Platinum Insurance Agency","url":"https:\/\/platinuminsurancea.com\/dev\/","logo":{"@type":"ImageObject","inLanguage":"en-US","@id":"https:\/\/platinuminsurancea.com\/dev\/#\/schema\/logo\/image\/","url":"https:\/\/platinuminsurancea.com\/dev\/wp-content\/uploads\/2024\/09\/ISOTIPO-0569-1024x967.png.webp","contentUrl":"https:\/\/platinuminsurancea.com\/dev\/wp-content\/uploads\/2024\/09\/ISOTIPO-0569-1024x967.png.webp","width":1024,"height":967,"caption":"Platinum Insurance Agency"},"image":{"@id":"https:\/\/platinuminsurancea.com\/dev\/#\/schema\/logo\/image\/"}}]}},"_links":{"self":[{"href":"https:\/\/platinuminsurancea.com\/dev\/wp-json\/wp\/v2\/pages\/1053","targetHints":{"allow":["GET"]}}],"collection":[{"href":"https:\/\/platinuminsurancea.com\/dev\/wp-json\/wp\/v2\/pages"}],"about":[{"href":"https:\/\/platinuminsurancea.com\/dev\/wp-json\/wp\/v2\/types\/page"}],"author":[{"embeddable":true,"href":"https:\/\/platinuminsurancea.com\/dev\/wp-json\/wp\/v2\/users\/1"}],"replies":[{"embeddable":true,"href":"https:\/\/platinuminsurancea.com\/dev\/wp-json\/wp\/v2\/comments?post=1053"}],"version-history":[{"count":13,"href":"https:\/\/platinuminsurancea.com\/dev\/wp-json\/wp\/v2\/pages\/1053\/revisions"}],"predecessor-version":[{"id":1950,"href":"https:\/\/platinuminsurancea.com\/dev\/wp-json\/wp\/v2\/pages\/1053\/revisions\/1950"}],"wp:attachment":[{"href":"https:\/\/platinuminsurancea.com\/dev\/wp-json\/wp\/v2\/media?parent=1053"}],"curies":[{"name":"wp","href":"https:\/\/api.w.org\/{rel}","templated":true}]}}