{"id":1037,"date":"2024-10-25T17:02:33","date_gmt":"2024-10-25T17:02:33","guid":{"rendered":"https:\/\/platinuminsurancea.com\/staging\/?page_id=1037"},"modified":"2024-11-13T16:49:59","modified_gmt":"2024-11-13T16:49:59","slug":"aetna","status":"publish","type":"page","link":"https:\/\/platinuminsurancea.com\/dev\/aetna\/","title":{"rendered":"Aetna"},"content":{"rendered":"\t\t<div data-elementor-type=\"wp-page\" data-elementor-id=\"1037\" class=\"elementor elementor-1037\" data-elementor-post-type=\"page\">\n\t\t\t\t<div class=\"elementor-element elementor-element-fe1fdb8 e-flex e-con-boxed e-con e-parent\" data-id=\"fe1fdb8\" data-element_type=\"container\" data-e-type=\"container\">\n\t\t\t\t\t<div class=\"e-con-inner\">\n\t\t\t\t<div class=\"elementor-element elementor-element-6f37c2f elementor-widget elementor-widget-heading\" data-id=\"6f37c2f\" data-element_type=\"widget\" data-e-type=\"widget\" data-widget_type=\"heading.default\">\n\t\t\t\t<div class=\"elementor-widget-container\">\n\t\t\t\t\t<h2 class=\"elementor-heading-title elementor-size-default\">Red de Cobertura<\/h2>\t\t\t\t<\/div>\n\t\t\t\t<\/div>\n\t\t\t\t\t<\/div>\n\t\t\t\t<\/div>\n\t\t<div class=\"elementor-element elementor-element-658e665 e-flex e-con-boxed e-con e-parent\" data-id=\"658e665\" data-element_type=\"container\" data-e-type=\"container\">\n\t\t\t\t\t<div class=\"e-con-inner\">\n\t\t<div class=\"elementor-element elementor-element-5fa9942 e-con-full e-flex e-con e-child\" data-id=\"5fa9942\" data-element_type=\"container\" data-e-type=\"container\">\n\t\t\t\t<div class=\"elementor-element elementor-element-10c2dc5 elementor-widget elementor-widget-text-editor\" data-id=\"10c2dc5\" data-element_type=\"widget\" data-e-type=\"widget\" data-widget_type=\"text-editor.default\">\n\t\t\t\t<div class=\"elementor-widget-container\">\n\t\t\t\t\t\t\t\t\t<p><img fetchpriority=\"high\" decoding=\"async\" class=\"wp-image-85  alignleft\" src=\"https:\/\/platinuminsurancea.com\/dev\/wp-content\/uploads\/2024\/09\/LOGOS-13-300x300.webp\" alt=\"Aetna\" width=\"300\" height=\"300\" srcset=\"https:\/\/platinuminsurancea.com\/dev\/wp-content\/uploads\/2024\/09\/LOGOS-13-300x300.webp 300w, https:\/\/platinuminsurancea.com\/dev\/wp-content\/uploads\/2024\/09\/LOGOS-13-1024x1024.webp 1024w, https:\/\/platinuminsurancea.com\/dev\/wp-content\/uploads\/2024\/09\/LOGOS-13-150x150.webp 150w, https:\/\/platinuminsurancea.com\/dev\/wp-content\/uploads\/2024\/09\/LOGOS-13-768x768.webp 768w, https:\/\/platinuminsurancea.com\/dev\/wp-content\/uploads\/2024\/09\/LOGOS-13.webp 1042w\" sizes=\"(max-width: 300px) 100vw, 300px\" \/><\/p><p>La red de cobertura que ofrece Aetna es extensa y cuenta con una amplia variedad de proveedores de atenci\u00f3n m\u00e9dica en todo el pa\u00eds. Est\u00e1 compuesta por m\u00e9dicos, hospitales, centros de atenci\u00f3n ambulatoria, centros de atenci\u00f3n de urgencia, farmacias y otros proveedores de atenci\u00f3n m\u00e9dica. Con la red de Aetna, los asegurados tienen acceso a atenci\u00f3n m\u00e9dica de calidad en cualquier lugar donde se encuentren en los Estados Unidos.<\/p><p>Adem\u00e1s, la empresa ha adoptado tecnolog\u00eda avanzada y herramientas digitales para asegurar una mejor conexi\u00f3n entre proveedores y pacientes. Los asegurados tambi\u00e9n pueden tener acceso a servicios complementarios, como asesoramiento de salud y bienestar, orientaci\u00f3n financiera y acceso a descuentos en salud y bienestar.<\/p><p>En general, la red de Aetna brinda a los asegurados una amplia gama de opciones para elegir y personalizar su atenci\u00f3n m\u00e9dica, lo que permite una atenci\u00f3n de alta calidad y una mejor experiencia para los pacientes.<\/p>\t\t\t\t\t\t\t\t<\/div>\n\t\t\t\t<\/div>\n\t\t\t\t<\/div>\n\t\t<div class=\"elementor-element elementor-element-fc87f96 e-con-full e-flex e-con e-child\" data-id=\"fc87f96\" data-element_type=\"container\" data-e-type=\"container\">\n\t\t\t\t<div class=\"elementor-element elementor-element-da51826 elementor-widget elementor-widget-shortcode\" data-id=\"da51826\" data-element_type=\"widget\" data-e-type=\"widget\" data-widget_type=\"shortcode.default\">\n\t\t\t\t<div class=\"elementor-widget-container\">\n\t\t\t\t\t\t\t<div class=\"elementor-shortcode\"><div class=\"_df_book df-lite\" id=\"df_1902\"  _slug=\"aetna-nuevo\" data-title=\"aetna-nuevo\" wpoptions=\"true\" thumbtype=\"\" ><\/div><script class=\"df-shortcode-script\" nowprocket type=\"application\/javascript\">window.option_df_1902 = {\"outline\":[],\"autoEnableOutline\":\"false\",\"autoEnableThumbnail\":\"false\",\"overwritePDFOutline\":\"false\",\"direction\":\"1\",\"pageSize\":\"0\",\"source\":\"https:\\\/\\\/platinuminsurancea.com\\\/dev\\\/wp-content\\\/uploads\\\/2024\\\/11\\\/Aetna.pdf\",\"wpOptions\":\"true\"}; if(window.DFLIP && window.DFLIP.parseBooks){window.DFLIP.parseBooks();}<\/script><\/div>\n\t\t\t\t\t\t<\/div>\n\t\t\t\t<\/div>\n\t\t\t\t<\/div>\n\t\t\t\t\t<\/div>\n\t\t\t\t<\/div>\n\t\t\t\t<\/div>\n\t\t","protected":false},"excerpt":{"rendered":"<p>Red de Cobertura La red de cobertura que ofrece Aetna es extensa y cuenta con una amplia variedad de proveedores de atenci\u00f3n m\u00e9dica en todo el pa\u00eds. Est\u00e1 compuesta por m\u00e9dicos, hospitales, centros de atenci\u00f3n ambulatoria, centros de atenci\u00f3n de urgencia, farmacias y otros proveedores de atenci\u00f3n m\u00e9dica. Con la red de Aetna, los asegurados [&hellip;]<\/p>\n","protected":false},"author":1,"featured_media":0,"parent":0,"menu_order":0,"comment_status":"closed","ping_status":"closed","template":"elementor_header_footer","meta":{"footnotes":""},"class_list":["post-1037","page","type-page","status-publish","hentry"],"yoast_head":"<!-- This site is optimized with the Yoast SEO plugin v27.1.1 - https:\/\/yoast.com\/product\/yoast-seo-wordpress\/ -->\n<title>Aetna - Platinum Insurance Agency<\/title>\n<meta name=\"robots\" content=\"noindex, follow, max-snippet:-1, max-image-preview:large, max-video-preview:-1\" \/>\n<meta property=\"og:locale\" content=\"en_US\" \/>\n<meta property=\"og:type\" content=\"article\" \/>\n<meta property=\"og:title\" content=\"Aetna - Platinum Insurance Agency\" \/>\n<meta property=\"og:description\" content=\"Red de Cobertura La red de cobertura que ofrece Aetna es extensa y cuenta con una amplia variedad de proveedores de atenci\u00f3n m\u00e9dica en todo el pa\u00eds. Est\u00e1 compuesta por m\u00e9dicos, hospitales, centros de atenci\u00f3n ambulatoria, centros de atenci\u00f3n de urgencia, farmacias y otros proveedores de atenci\u00f3n m\u00e9dica. Con la red de Aetna, los asegurados [&hellip;]\" \/>\n<meta property=\"og:url\" content=\"https:\/\/platinuminsurancea.com\/dev\/aetna\/\" \/>\n<meta property=\"og:site_name\" content=\"Platinum Insurance Agency\" \/>\n<meta property=\"article:modified_time\" content=\"2024-11-13T16:49:59+00:00\" \/>\n<meta property=\"og:image\" content=\"https:\/\/platinuminsurancea.com\/dev\/wp-content\/uploads\/2024\/09\/LOGOS-13-300x300.webp\" \/>\n<meta name=\"twitter:card\" content=\"summary_large_image\" \/>\n<meta name=\"twitter:label1\" content=\"Est. reading time\" \/>\n\t<meta name=\"twitter:data1\" content=\"1 minute\" \/>\n<script type=\"application\/ld+json\" class=\"yoast-schema-graph\">{\"@context\":\"https:\/\/schema.org\",\"@graph\":[{\"@type\":\"WebPage\",\"@id\":\"https:\/\/platinuminsurancea.com\/dev\/aetna\/\",\"url\":\"https:\/\/platinuminsurancea.com\/dev\/aetna\/\",\"name\":\"Aetna - Platinum Insurance Agency\",\"isPartOf\":{\"@id\":\"https:\/\/platinuminsurancea.com\/dev\/#website\"},\"primaryImageOfPage\":{\"@id\":\"https:\/\/platinuminsurancea.com\/dev\/aetna\/#primaryimage\"},\"image\":{\"@id\":\"https:\/\/platinuminsurancea.com\/dev\/aetna\/#primaryimage\"},\"thumbnailUrl\":\"https:\/\/platinuminsurancea.com\/dev\/wp-content\/uploads\/2024\/09\/LOGOS-13-300x300.webp\",\"datePublished\":\"2024-10-25T17:02:33+00:00\",\"dateModified\":\"2024-11-13T16:49:59+00:00\",\"breadcrumb\":{\"@id\":\"https:\/\/platinuminsurancea.com\/dev\/aetna\/#breadcrumb\"},\"inLanguage\":\"en-US\",\"potentialAction\":[{\"@type\":\"ReadAction\",\"target\":[\"https:\/\/platinuminsurancea.com\/dev\/aetna\/\"]}]},{\"@type\":\"ImageObject\",\"inLanguage\":\"en-US\",\"@id\":\"https:\/\/platinuminsurancea.com\/dev\/aetna\/#primaryimage\",\"url\":\"https:\/\/platinuminsurancea.com\/dev\/wp-content\/uploads\/2024\/09\/LOGOS-13-300x300.webp\",\"contentUrl\":\"https:\/\/platinuminsurancea.com\/dev\/wp-content\/uploads\/2024\/09\/LOGOS-13-300x300.webp\"},{\"@type\":\"BreadcrumbList\",\"@id\":\"https:\/\/platinuminsurancea.com\/dev\/aetna\/#breadcrumb\",\"itemListElement\":[{\"@type\":\"ListItem\",\"position\":1,\"name\":\"Home\",\"item\":\"https:\/\/platinuminsurancea.com\/dev\/\"},{\"@type\":\"ListItem\",\"position\":2,\"name\":\"Aetna\"}]},{\"@type\":\"WebSite\",\"@id\":\"https:\/\/platinuminsurancea.com\/dev\/#website\",\"url\":\"https:\/\/platinuminsurancea.com\/dev\/\",\"name\":\"Platinum Insurance Agency\",\"description\":\"\",\"publisher\":{\"@id\":\"https:\/\/platinuminsurancea.com\/dev\/#organization\"},\"potentialAction\":[{\"@type\":\"SearchAction\",\"target\":{\"@type\":\"EntryPoint\",\"urlTemplate\":\"https:\/\/platinuminsurancea.com\/dev\/?s={search_term_string}\"},\"query-input\":{\"@type\":\"PropertyValueSpecification\",\"valueRequired\":true,\"valueName\":\"search_term_string\"}}],\"inLanguage\":\"en-US\"},{\"@type\":\"Organization\",\"@id\":\"https:\/\/platinuminsurancea.com\/dev\/#organization\",\"name\":\"Platinum Insurance Agency\",\"url\":\"https:\/\/platinuminsurancea.com\/dev\/\",\"logo\":{\"@type\":\"ImageObject\",\"inLanguage\":\"en-US\",\"@id\":\"https:\/\/platinuminsurancea.com\/dev\/#\/schema\/logo\/image\/\",\"url\":\"https:\/\/platinuminsurancea.com\/dev\/wp-content\/uploads\/2024\/09\/ISOTIPO-0569-1024x967.png.webp\",\"contentUrl\":\"https:\/\/platinuminsurancea.com\/dev\/wp-content\/uploads\/2024\/09\/ISOTIPO-0569-1024x967.png.webp\",\"width\":1024,\"height\":967,\"caption\":\"Platinum Insurance Agency\"},\"image\":{\"@id\":\"https:\/\/platinuminsurancea.com\/dev\/#\/schema\/logo\/image\/\"}}]}<\/script>\n<!-- \/ Yoast SEO plugin. -->","yoast_head_json":{"title":"Aetna - Platinum Insurance Agency","robots":{"index":"noindex","follow":"follow","max-snippet":"max-snippet:-1","max-image-preview":"max-image-preview:large","max-video-preview":"max-video-preview:-1"},"og_locale":"en_US","og_type":"article","og_title":"Aetna - Platinum Insurance Agency","og_description":"Red de Cobertura La red de cobertura que ofrece Aetna es extensa y cuenta con una amplia variedad de proveedores de atenci\u00f3n m\u00e9dica en todo el pa\u00eds. Est\u00e1 compuesta por m\u00e9dicos, hospitales, centros de atenci\u00f3n ambulatoria, centros de atenci\u00f3n de urgencia, farmacias y otros proveedores de atenci\u00f3n m\u00e9dica. Con la red de Aetna, los asegurados [&hellip;]","og_url":"https:\/\/platinuminsurancea.com\/dev\/aetna\/","og_site_name":"Platinum Insurance Agency","article_modified_time":"2024-11-13T16:49:59+00:00","og_image":[{"url":"https:\/\/platinuminsurancea.com\/dev\/wp-content\/uploads\/2024\/09\/LOGOS-13-300x300.webp","type":"","width":"","height":""}],"twitter_card":"summary_large_image","twitter_misc":{"Est. reading time":"1 minute"},"schema":{"@context":"https:\/\/schema.org","@graph":[{"@type":"WebPage","@id":"https:\/\/platinuminsurancea.com\/dev\/aetna\/","url":"https:\/\/platinuminsurancea.com\/dev\/aetna\/","name":"Aetna - Platinum Insurance Agency","isPartOf":{"@id":"https:\/\/platinuminsurancea.com\/dev\/#website"},"primaryImageOfPage":{"@id":"https:\/\/platinuminsurancea.com\/dev\/aetna\/#primaryimage"},"image":{"@id":"https:\/\/platinuminsurancea.com\/dev\/aetna\/#primaryimage"},"thumbnailUrl":"https:\/\/platinuminsurancea.com\/dev\/wp-content\/uploads\/2024\/09\/LOGOS-13-300x300.webp","datePublished":"2024-10-25T17:02:33+00:00","dateModified":"2024-11-13T16:49:59+00:00","breadcrumb":{"@id":"https:\/\/platinuminsurancea.com\/dev\/aetna\/#breadcrumb"},"inLanguage":"en-US","potentialAction":[{"@type":"ReadAction","target":["https:\/\/platinuminsurancea.com\/dev\/aetna\/"]}]},{"@type":"ImageObject","inLanguage":"en-US","@id":"https:\/\/platinuminsurancea.com\/dev\/aetna\/#primaryimage","url":"https:\/\/platinuminsurancea.com\/dev\/wp-content\/uploads\/2024\/09\/LOGOS-13-300x300.webp","contentUrl":"https:\/\/platinuminsurancea.com\/dev\/wp-content\/uploads\/2024\/09\/LOGOS-13-300x300.webp"},{"@type":"BreadcrumbList","@id":"https:\/\/platinuminsurancea.com\/dev\/aetna\/#breadcrumb","itemListElement":[{"@type":"ListItem","position":1,"name":"Home","item":"https:\/\/platinuminsurancea.com\/dev\/"},{"@type":"ListItem","position":2,"name":"Aetna"}]},{"@type":"WebSite","@id":"https:\/\/platinuminsurancea.com\/dev\/#website","url":"https:\/\/platinuminsurancea.com\/dev\/","name":"Platinum Insurance Agency","description":"","publisher":{"@id":"https:\/\/platinuminsurancea.com\/dev\/#organization"},"potentialAction":[{"@type":"SearchAction","target":{"@type":"EntryPoint","urlTemplate":"https:\/\/platinuminsurancea.com\/dev\/?s={search_term_string}"},"query-input":{"@type":"PropertyValueSpecification","valueRequired":true,"valueName":"search_term_string"}}],"inLanguage":"en-US"},{"@type":"Organization","@id":"https:\/\/platinuminsurancea.com\/dev\/#organization","name":"Platinum Insurance Agency","url":"https:\/\/platinuminsurancea.com\/dev\/","logo":{"@type":"ImageObject","inLanguage":"en-US","@id":"https:\/\/platinuminsurancea.com\/dev\/#\/schema\/logo\/image\/","url":"https:\/\/platinuminsurancea.com\/dev\/wp-content\/uploads\/2024\/09\/ISOTIPO-0569-1024x967.png.webp","contentUrl":"https:\/\/platinuminsurancea.com\/dev\/wp-content\/uploads\/2024\/09\/ISOTIPO-0569-1024x967.png.webp","width":1024,"height":967,"caption":"Platinum Insurance Agency"},"image":{"@id":"https:\/\/platinuminsurancea.com\/dev\/#\/schema\/logo\/image\/"}}]}},"_links":{"self":[{"href":"https:\/\/platinuminsurancea.com\/dev\/wp-json\/wp\/v2\/pages\/1037","targetHints":{"allow":["GET"]}}],"collection":[{"href":"https:\/\/platinuminsurancea.com\/dev\/wp-json\/wp\/v2\/pages"}],"about":[{"href":"https:\/\/platinuminsurancea.com\/dev\/wp-json\/wp\/v2\/types\/page"}],"author":[{"embeddable":true,"href":"https:\/\/platinuminsurancea.com\/dev\/wp-json\/wp\/v2\/users\/1"}],"replies":[{"embeddable":true,"href":"https:\/\/platinuminsurancea.com\/dev\/wp-json\/wp\/v2\/comments?post=1037"}],"version-history":[{"count":16,"href":"https:\/\/platinuminsurancea.com\/dev\/wp-json\/wp\/v2\/pages\/1037\/revisions"}],"predecessor-version":[{"id":1947,"href":"https:\/\/platinuminsurancea.com\/dev\/wp-json\/wp\/v2\/pages\/1037\/revisions\/1947"}],"wp:attachment":[{"href":"https:\/\/platinuminsurancea.com\/dev\/wp-json\/wp\/v2\/media?parent=1037"}],"curies":[{"name":"wp","href":"https:\/\/api.w.org\/{rel}","templated":true}]}}